{"id":42,"date":"2021-04-06T01:57:02","date_gmt":"2021-04-06T01:57:02","guid":{"rendered":"http:\/\/www.moringaoleifera.no\/staging\/?page_id=42"},"modified":"2021-04-16T02:34:07","modified_gmt":"2021-04-16T00:34:07","slug":"moringa-nettbutikker","status":"publish","type":"page","link":"https:\/\/www.moringaoleifera.no\/staging\/moringa-nettbutikker\/","title":{"rendered":"Moringa nettbutikker"},"content":{"rendered":"","protected":false},"excerpt":{"rendered":"","protected":false},"author":2,"featured_media":0,"parent":0,"menu_order":0,"comment_status":"closed","ping_status":"closed","template":"","meta":{"ct_builder_shortcodes":"[ct_div_block ct_sign_sha256='2bf9ca6455dcd2905490ee8bd81e593613338eb76149408eac290e34f0856ad7' ct_options='{\"ct_id\":3,\"ct_parent\":0,\"selector\":\"div_block-3-20\",\"original\":{\"background-image\":\"http:\/\/www.moringaoleifera.no\/staging\/wp-content\/uploads\/2021\/04\/banner-moringa-nettbutikker.jpg\",\"background-size\":\"cover\",\"margin-top\":\"-3\",\"margin-bottom\":\"0\"},\"nicename\":\"Div (#3)\",\"ct_depth\":1}'][ct_div_block_2 ct_sign_sha256='8ee4e2592f93cdb8d87f69012fc4a20bc7b3fd45278fb588a9a0552e28d9994a' ct_options='{\"ct_id\":4,\"ct_parent\":3,\"selector\":\"div_block-4-20\",\"original\":{\"width-unit\":\"%\",\"width\":\"100\",\"padding-top-unit\":\"%\",\"padding-top\":\"36\",\"margin-bottom\":\"0\"},\"activeselector\":false,\"nicename\":\"Div (#4)\",\"ct_depth\":2}'][\/ct_div_block_2][\/ct_div_block][ct_section ct_sign_sha256='3811e5d786daf60a016ed1d0747d9ca2a370f6bc7e53e3f2c53ef56fe9b72361' ct_options='{\"ct_id\":6,\"ct_parent\":0,\"selector\":\"section-6-20\",\"original\":{\"container-padding-top\":\"50\"},\"activeselector\":false,\"nicename\":\"Section (#6)\",\"ct_depth\":1}'][ct_div_block_2 ct_sign_sha256='23c0c71b5550776c5e8ee7008cfa7b9a654b072fb2ec5a2847ee5f282b61ef86' ct_options='{\"ct_id\":8,\"ct_parent\":6,\"selector\":\"div_block-8-20\",\"nicename\":\"Div (#8)\",\"ct_depth\":2}'][ct_headline ct_sign_sha256='2ba9e5c9cd4820d60d27a52034c4917ac0deee06bece4e352745884ecb286af5' ct_options='{\"ct_id\":9,\"ct_parent\":8,\"selector\":\"headline-9-20\",\"activeselector\":false,\"media\":{\"phone-portrait\":{\"original\":{\"font-size\":\"36\"}}},\"nicename\":\"Heading (#9)\",\"ct_depth\":0}']Nettbutikker som selger moringa pulver og moringa kapsler[\/ct_headline][ct_text_block ct_sign_sha256='b4645b619eeca0546d7400f8cfcfcab8770a29f7d196061fa58629ead9a9e69b' ct_options='{\"ct_id\":10,\"ct_parent\":8,\"selector\":\"text_block-10-20\",\"nicename\":\"Text (#10)\",\"ct_depth\":0}']Her finner du noen av de beste nettbutikkene som selger \u00f8kologiske moringa kapsler, pulver, te og andre naturprodukter skreddersydd for ulike brukerbehov som for eksempel anti-aldring med moringa som en av hovedingrediensene.<br>[\/ct_text_block][ct_headline ct_sign_sha256='bfc6c8de7ce7f4770147d5af621d03f033e48f37f5223ce46de1c88413b6f791' ct_options='{\"ct_id\":106,\"ct_parent\":8,\"selector\":\"headline-106-42\",\"original\":{\"tag\":\"h2\"},\"activeselector\":false,\"nicename\":\"Heading (#106)\",\"ct_depth\":0}']Hvor er det best \u00e5 kj\u00f8pe moringa kapsler eller pulver?[\/ct_headline][ct_headline ct_sign_sha256='a7ff43ec997ff05ab21b32414d516e694b617bcf7a61b05416a688308b22a0a9' ct_options='{\"ct_id\":83,\"ct_parent\":8,\"selector\":\"headline-83-42\",\"original\":{\"tag\":\"h3\",\"margin-top\":\"10\"},\"activeselector\":false,\"nicename\":\"Heading (#83)\",\"ct_depth\":0}']V\u00e5re favoritt nettbutikker for moringa kosttilskudd[\/ct_headline][ct_text_block ct_sign_sha256='792e71fd7ec161c44c8736fb4284418fe7460705df66a0b2fc0ecf7665beeba6' ct_options='{\"ct_id\":23,\"ct_parent\":8,\"selector\":\"text_block-23-20\",\"nicename\":\"Text (#23)\",\"ct_depth\":0}']Denne oversikten viser deg de beste nettbutikkene vi vet om hvor du kan kj\u00f8pe moringa tilskudd og noen av de beste naturproduktene basert p\u00e5 \u00f8kologisk <i>Moringa oleifera<\/i>.<br>[\/ct_text_block][ct_headline ct_sign_sha256='f064f55b416710bc4f64da4a111f1db39475a7d8efda597c6b9b7a38ce0b8af2' ct_options='{\"ct_id\":20,\"ct_parent\":8,\"selector\":\"headline-20-20\",\"original\":{\"tag\":\"h2\"},\"activeselector\":false,\"nicename\":\"Heading (#20)\",\"ct_depth\":0}']AltShop - Norsk nettbutikk[\/ct_headline][ct_text_block ct_sign_sha256='6fccd9848940154e03ed4d1b7820db5c1b53e9e88228b1ac59040dcf2d79c6f5' ct_options='{\"ct_id\":53,\"ct_parent\":8,\"selector\":\"text_block-53-35\",\"nicename\":\"Text (#53)\",\"ct_depth\":0}'][ct_span ct_sign_sha256='50870735a9629debd8518f9dd65150de907aa781447bf4c1ec000dc6e41d51ae' ct_options='{\"ct_id\":102,\"ct_parent\":53,\"selector\":\"span-102-42\",\"nicename\":\"Span (#102)\",\"ct_depth\":0}']<a href=\"https:\/\/altshop.info\/moringatilskudd\" target=\"_blank\">AltShop<\/a>[\/ct_span] er en veletablert norsk nettbutikk (leverer ogs\u00e5 til Sverige) med et rikt utvalg av \u00f8kologiske naturprodukter, matvarer, livsstil produkter, kosttilskudd for ulike brukerbehov og unike egenutviklede helsekostprodukter som for eksempel Youth Fountain for antialdring.<br>[\/ct_text_block][ct_headline ct_sign_sha256='60fa68210582783f43503c29bc6031f3dc8a4defb0ed4039cccba1fe115982f9' ct_options='{\"ct_id\":118,\"ct_parent\":8,\"selector\":\"headline-118-42\",\"original\":{\"tag\":\"h3\"},\"activeselector\":false,\"nicename\":\"Heading (#118)\",\"ct_depth\":0}']Youth Fountain med \u00f8kologisk moringa[\/ct_headline][ct_text_block ct_sign_sha256='455b5d020612115c5d373994ccc1d87bb83ae507d547a07f2b3bb79ed9c22a82' ct_options='{\"ct_id\":122,\"ct_parent\":8,\"selector\":\"text_block-122-42\",\"nicename\":\"Text (#122)\",\"ct_depth\":0}']Sammen med en rekke \u00f8kologiske urter og et rikt innhold av bioaktive virkestoffer, inneholder [ct_span ct_sign_sha256='ee011e9529cc73b584f3f2efb4d6a4bcf869c096f7910c9260e242a81279d67e' ct_options='{\"ct_id\":127,\"ct_parent\":122,\"selector\":\"span-127-42\",\"nicename\":\"Span (#127)\",\"ct_depth\":0}']<a href=\"https:\/\/altshop.info\/YouthFountain\" target=\"_blank\">Youth Fountain<\/a>[\/ct_span] fra Functional Greens serien ogs\u00e5 \u00f8kologisk moringa pulver. Dette naturproduktet er basert p\u00e5 en rekke standardiserte ekstrakter fra \u00f8kologiske urter og er til n\u00e5 det best sammensatte antialdring tilskuddet vi har sett for deg som er fra 40 \u00e5r og oppover.<br><br>I tillegg til det selger AltShop blant annet \u00f8kologisk moringa pulver, \u00f8kologiske moringa kapsler og \u00f8kologisk moringa te. I AltShop sin [ct_span ct_sign_sha256='7cc73db5cdb506228153e9d873e52ab2c5d30d92bf7fa6c4b829e3938d1c59e0' ct_options='{\"ct_id\":130,\"ct_parent\":122,\"selector\":\"span-130-42\",\"nicename\":\"Span (#130)\",\"ct_depth\":0}']<a href=\"https:\/\/altshop.info\/Moringa\" target=\"_blank\">blogg<\/a>[\/ct_span] kan du ogs\u00e5 lese mer om moringa.<br>[\/ct_text_block][ct_new_columns_3 ct_sign_sha256='95d86d2aa7b6ce8fb676238210594491fb5c7f520e6bdbc32a161383c3d8e2f3' ct_options='{\"ct_id\":307,\"ct_parent\":8,\"selector\":\"new_columns-307-42\",\"original\":{\"margin-top\":\"25\"},\"activeselector\":false,\"media\":{\"tablet\":{\"original\":{\"width-unit\":\"%\",\"width\":\"95\"}}},\"nicename\":\"Columns (#307)\",\"ct_depth\":3}'][ct_div_block_3 ct_sign_sha256='4865789b2bc864e8603ed22b922fcf7964dce1236b5723e6a87b373b5450bb25' ct_options='{\"ct_id\":308,\"ct_parent\":307,\"selector\":\"div_block-308-42\",\"original\":{\"width\":\"33.33\",\"width-unit\":\"%\"},\"activeselector\":false,\"media\":{\"tablet\":{\"original\":{\"padding-left\":\"0\",\"padding-right\":\"0\",\"width-unit\":\"%\",\"width\":\"100\"}}},\"nicename\":\"Div (#308)\",\"ct_depth\":3}'][ct_div_block_4 ct_sign_sha256='eea12ec1e6cc390f87523b5de4501f3166297ef7db4b53488470f7f1f62fdaad' ct_options='{\"ct_id\":311,\"ct_parent\":308,\"selector\":\"div_block-311-42\",\"original\":{\"width-unit\":\"%\",\"width\":\"100\",\"align-items\":\"center\",\"flex-direction\":\"row\",\"display\":\"flex\",\"justify-content\":\"center\"},\"activeselector\":false,\"nicename\":\"Div (#311)\",\"ct_depth\":4}'][ct_div_block_5 ct_sign_sha256='b4a4f5dc6ddea91e7f968e574c7a69ed4e473589efd21c2a62c06884c1d40e97' ct_options='{\"ct_id\":312,\"ct_parent\":311,\"selector\":\"div_block-312-42\",\"classes\":{\"0\":\"oxel_flipbox\"},\"nicename\":\"Flip Box\",\"activeselector\":false,\"original\":{\"width\":\"300\",\"transition-duration-unit\":\"\",\"transition-duration\":\"\",\"transition-delay-unit\":\"\",\"transition-delay\":\"\"},\"ct_depth\":5}'][ct_code_block ct_sign_sha256='e99d1e05734b57f1012aae4a8362d3798cfb73968f0a692cfb79513974cce278' ct_options='{\"ct_id\":313,\"ct_parent\":312,\"selector\":\"code_block-313-42\",\"original\":{\"code-php\":\"PCEtLSAtLT4=\",\"code-css\":\"Lm94ZWxfZmxpcGJveF9fZnJvbnQsCi5veGVsX2ZsaXBib3hfX2JhY2sgewogdHJhbnNpdGlvbjogMC43cyBhbGwgZWFzZS1pbi1vdXQ7CiBiYWNrZmFjZS12aXNpYmlsaXR5OiBoaWRkZW47CiAtd2Via2l0LWJhY2tmYWNlLXZpc2liaWxpdHk6IGhpZGRlbjsKIG1pbi1oZWlnaHQ6IDIwMHB4OwogdHJhbnNmb3JtLXN0eWxlOiBwcmVzZXJ2ZS0zZDsKIC13ZWJraXQtdHJhbnNmb3JtLXN0eWxlOiBwcmVzZXJ2ZS0zZDsKfQoKLm94ZWxfZmxpcGJveF9fZnJvbnQgewogdHJhbnNmb3JtOiByb3RhdGVZKDBkZWcpOwogdHJhbnNmb3JtLXN0eWxlOiBwcmVzZXJ2ZS0zZDsKIC13ZWJraXQtdHJhbnNmb3JtLXN0eWxlOiBwcmVzZXJ2ZS0zZDsKfQoKYm9keS5uZy1zY29wZSAub3hlbF9mbGlwYm94X19iYWNrIHsKIHRyYW5zZm9ybTogcm90YXRlWSgwZGVnKTsgCiBwb3NpdGlvbjogc3RhdGljOwogdHJhbnNmb3JtLXN0eWxlOiBwcmVzZXJ2ZS0zZDsKIC13ZWJraXQtdHJhbnNmb3JtLXN0eWxlOiBwcmVzZXJ2ZS0zZDsKfQoKYm9keTpub3QoLm5nLXNjb3BlKSAub3hlbF9mbGlwYm94OmhvdmVyIC5veGVsX2ZsaXBib3hfX2Zyb250IHsKIHRyYW5zZm9ybTogcm90YXRlWSgtMTgwZGVnKTsKfQoKYm9keTpub3QoLm5nLXNjb3BlKSAub3hlbF9mbGlwYm94OmhvdmVyIC5veGVsX2ZsaXBib3hfX2JhY2sgewogdHJhbnNmb3JtOiByb3RhdGVZKDBkZWcpOyAKfQoKLm94ZWxfZmxpcGJveF9fZnJvbnQgKiwKLm94ZWxfZmxpcGJveF9fYmFjayAqIHsKICB0cmFuc2Zvcm06IHRyYW5zbGF0ZVooNjBweCk7CiAgYmFja2ZhY2UtdmlzaWJpbGl0eTogaGlkZGVuOwogIC13ZWJraXQtYmFja2ZhY2UtdmlzaWJpbGl0eTogaGlkZGVuOwp9Cgp9\",\"width-unit\":\"%\",\"transition-duration-unit\":\"\",\"transition-duration\":\"\",\"transition-delay-unit\":\"\",\"transition-delay\":\"\"},\"nicename\":\"Flip Box Code\",\"ct_depth\":0}'][\/ct_code_block][ct_div_block_6 ct_sign_sha256='f0298598b3996914debb1e5356d1001a0f461ac426cd835aaf841837eca80e0d' ct_options='{\"ct_id\":314,\"ct_parent\":312,\"selector\":\"div_block-314-42\",\"classes\":{\"0\":\"oxel_flipbox__front\"},\"nicename\":\"Front\",\"original\":{\"margin-top\":\"0\",\"padding-top\":\"0\",\"box-shadow-color\":\"rgba(0,0,0,0.2)\",\"box-shadow-spread\":\"3\",\"box-shadow-blur\":\"5\",\"box-shadow-horizontal-offset\":\"0\",\"box-shadow-vertical-offset\":\"2\",\"background-image\":\"http:\/\/www.moringaoleifera.no\/staging\/wp-content\/uploads\/2021\/04\/okologisk-moringa-pulver-altshop.info-300x350-1.png\",\"height\":\"350\"},\"activeselector\":false,\"ct_depth\":6}'][ct_headline ct_sign_sha256='8070472405aa0986f551cabab36f5f69db1b062e5c0c4dc878aa8bfcdc4247d0' ct_options='{\"ct_id\":315,\"ct_parent\":314,\"selector\":\"headline-315-42\",\"original\":{\"tag\":\"h2\",\"color\":\"#ffffff\",\"margin-top\":\"-240\",\"font-size\":\"28\",\"text-shadow-color\":\"rgba(0,0,0,0.6)\",\"text-shadow-horizontal-offset\":\"2\",\"text-shadow-vertical-offset\":\"2\",\"text-shadow-blur\":\"3\"},\"media\":{\"tablet\":{\"original\":{\"margin-top\":\"31\"}}},\"nicename\":\"Heading (#315)\",\"ct_depth\":0}']Bes\u00f8k AltShop[\/ct_headline][ct_code_block ct_sign_sha256='5a58880b610a846782c611f76efd28f13643fe355e0a53ccc7af9c7296b70f84' ct_options='{\"ct_id\":316,\"ct_parent\":314,\"selector\":\"code_block-316-42\",\"original\":{\"code-php\":\"PHNjcmlwdCBzcmM9Imh0dHBzOi8vY2RuLmxvcmRpY29uLmNvbS8vbGlicy9mcmh2YnV6ai9sb3JkLWljb24tMi4wLjIuanMiPjwvc2NyaXB0Pgo8bG9yZC1pY29uCiAgICBzcmM9Imh0dHBzOi8vY2RuLmxvcmRpY29uLmNvbS8vZG5ydW9ldWIuanNvbiIKICAgIHRyaWdnZXI9Imxvb3AiCiAgICBkZWxheT0iMTAwMCIKICAgIGNvbG9ycz0icHJpbWFyeTojZmZmZmZmLHNlY29uZGFyeTojMGE1YzE1IgogICAgc3R5bGU9IndpZHRoOjcwcHg7aGVpZ2h0OjcwcHgiPgo8L2xvcmQtaWNvbj4=\",\"margin-left\":\"150\",\"margin-top\":\"200\",\"display\":\"none\"},\"media\":{\"tablet\":{\"original\":{\"display\":\"flex\"}}},\"nicename\":\"Code Block (#316)\",\"ct_depth\":0}'][\/ct_code_block][\/ct_div_block_6][ct_div_block_6 ct_sign_sha256='b81dcf710aa819a6e31972367359747470bc46806d3f8fabb7797a3b41109db2' ct_options='{\"ct_id\":318,\"ct_parent\":312,\"selector\":\"div_block-318-42\",\"original\":{\"box-shadow-color\":\"rgba(0,0,0,0.2)\",\"box-shadow-horizontal-offset\":\"0\",\"box-shadow-vertical-offset\":\"2\",\"box-shadow-blur\":\"5\",\"box-shadow-spread\":\"3\",\"background-image\":\"http:\/\/www.moringaoleifera.no\/staging\/wp-content\/uploads\/2021\/04\/bakside-moringa-pulver-altshop-300x350-1.png\",\"height\":\"350\"},\"classes\":{\"0\":\"oxel_flipbox__back\"},\"nicename\":\"Back\",\"ct_depth\":6}'][ct_headline ct_sign_sha256='88fae48d56c5a0bd39388e2a9300faa127cbe75d0fc1e96b86f7b6c163cd0e99' ct_options='{\"ct_id\":319,\"ct_parent\":318,\"selector\":\"headline-319-42\",\"original\":{\"tag\":\"h2\",\"color\":\"#ffffff\",\"margin-top\":\"-240\",\"margin-left\":\"0\",\"margin-right\":\"0\",\"font-size\":\"28\",\"text-shadow-color\":\"rgba(0,0,0,0.6)\",\"text-shadow-horizontal-offset\":\"2\",\"text-shadow-vertical-offset\":\"2\",\"text-shadow-blur\":\"3\"},\"nicename\":\"Heading (#319)\",\"ct_depth\":0}']Se moringa utvalg[\/ct_headline][ct_link_7 ct_sign_sha256='c795900ae9d581b70550c51b1c2132a25ab63d1eeee3431c3a72e09c95b44e09' ct_options='{\"ct_id\":320,\"ct_parent\":318,\"selector\":\"link-320-42\",\"original\":{\"margin-top\":\"15\",\"padding-left\":\"15\",\"padding-right\":\"15\",\"padding-top\":\"10\",\"margin-left\":\"61\",\"width\":\"120\",\"box-shadow-color\":\"rgba(0,0,0,0.2)\",\"box-shadow-blur\":\"2\",\"box-shadow-vertical-offset\":\"0\",\"box-shadow-spread\":\"3\",\"background-color\":\"#ffffff\",\"border-radius\":\"4\",\"padding-bottom\":\"10\",\"url\":\"https:\/\/www.tree.gifts\/shop\/\",\"url_encoded\":\"true\",\"display\":\"none\"},\"nicename\":\"Link Wrapper (#320)\",\"ct_depth\":7}'][ct_text_block ct_sign_sha256='5fd64b5174e4a63eaaf2afaf59015795dd47068e47f93182b9465dbeb112b2d9' ct_options='{\"ct_id\":321,\"ct_parent\":320,\"selector\":\"text_block-321-42\",\"original\":{\"color\":\"color(8)\",\"font-weight\":\"600\"},\"nicename\":\"Text (#321)\",\"ct_depth\":0}'][ct_span ct_sign_sha256='766ff7d6705cf3081daf23b29b7d619d56dc5e41064ce8dababc4bf8704c1f3d' ct_options='{\"ct_id\":322,\"ct_parent\":321,\"selector\":\"span-322-42\",\"original\":{\"oxyPowerPackTextRotator\":{\"0\":{\"text\":\"Give now\"}}},\"nicename\":\"Span (#322)\",\"ct_depth\":0}']Buy now[\/ct_span][\/ct_text_block][\/ct_link_7][ct_link_7 ct_sign_sha256='8c5d3109175ff29f78c18cc9cb06e083279eb293067bc97ea36ae28f0dda149e' ct_options='{\"ct_id\":317,\"ct_parent\":318,\"selector\":\"link-317-42\",\"original\":{\"url\":\"https:\/\/altshop.info\/moringatilskudd\",\"target\":\"_blank\",\"rel\":\"nofollow\",\"width\":\"300\",\"height\":\"350\",\"position\":\"absolute\",\"margin-top\":\"10\",\"url_encoded\":\"true\"},\"nicename\":\"Link Wrapper (#317)\",\"ct_depth\":7}'][\/ct_link_7][\/ct_div_block_6][\/ct_div_block_5][\/ct_div_block_4][\/ct_div_block_3][ct_div_block_3 ct_sign_sha256='b8d58def8d06cb63d4c3b61204aadd6bb51743ea50f91e454354c7c22f0cc1be' ct_options='{\"ct_id\":309,\"ct_parent\":307,\"selector\":\"div_block-309-42\",\"original\":{\"width\":\"10\",\"width-unit\":\"%\"},\"activeselector\":false,\"media\":{\"tablet\":{\"original\":{\"display\":\"none\"}}},\"nicename\":\"Div (#309)\",\"ct_depth\":3}'][ct_code_block ct_sign_sha256='6e9346e8bb2ebe75b9ae2374b7c91d41353c1a2449ebfc15d1a388e9b0718b4a' ct_options='{\"ct_id\":334,\"ct_parent\":309,\"selector\":\"code_block-334-42\",\"original\":{\"code-php\":\"PHNjcmlwdCBzcmM9Imh0dHBzOi8vY2RuLmxvcmRpY29uLmNvbS8vbGlicy9mcmh2YnV6ai9sb3JkLWljb24tMi4wLjIuanMiPjwvc2NyaXB0Pgo8bG9yZC1pY29uCiAgICBzcmM9Imh0dHBzOi8vY2RuLmxvcmRpY29uLmNvbS9kbnJ1b2V1Yi5qc29uIgogICAgdHJpZ2dlcj0ibG9vcCIKICAgIGRlbGF5PSIxMDAwIgogICAgY29sb3JzPSJwcmltYXJ5OiM0MTljMzksc2Vjb25kYXJ5OiMwYTVjMTUiCiAgICBzdHlsZT0id2lkdGg6NzBweDtoZWlnaHQ6NzBweCI+CjwvbG9yZC1pY29uPg==\",\"margin-top\":\"150\"},\"nicename\":\"Code Block (#334)\",\"ct_depth\":0}'][\/ct_code_block][\/ct_div_block_3][ct_div_block_3 ct_sign_sha256='576fa7a0245907d398bab6bae5e7552a20e6b138e12f43def7d8b98654c3b6be' ct_options='{\"ct_id\":310,\"ct_parent\":307,\"selector\":\"div_block-310-42\",\"original\":{\"width\":\"33.34\",\"width-unit\":\"%\"},\"activeselector\":false,\"media\":{\"tablet\":{\"original\":{\"width-unit\":\"%\",\"width\":\"100\",\"padding-left\":\"0\",\"padding-right\":\"0\"}}},\"nicename\":\"Div (#310)\",\"ct_depth\":3}'][ct_div_block_4 ct_sign_sha256='8757c193a9af1414b14dc5ba921832e1aa679da91140af5387c07842eb2e1e65' ct_options='{\"ct_id\":323,\"ct_parent\":310,\"selector\":\"div_block-323-42\",\"original\":{\"width-unit\":\"%\",\"width\":\"100\",\"align-items\":\"center\",\"flex-direction\":\"row\",\"display\":\"flex\",\"justify-content\":\"center\"},\"activeselector\":false,\"media\":{\"tablet\":{\"original\":{\"padding-left\":\"0\",\"padding-right\":\"0\"}}},\"nicename\":\"Div (#323)\",\"ct_depth\":4}'][ct_div_block_5 ct_sign_sha256='6501cccd321649809d73ea10090539b82064a2b703dfcc1eb3d40fdf62e2aaab' ct_options='{\"ct_id\":324,\"ct_parent\":323,\"selector\":\"div_block-324-42\",\"classes\":{\"0\":\"oxel_flipbox\"},\"nicename\":\"Flip Box\",\"original\":{\"width\":\"300\",\"transition-duration-unit\":\"\",\"transition-duration\":\"\",\"transition-delay-unit\":\"\",\"transition-delay\":\"\"},\"ct_depth\":5}'][ct_code_block ct_sign_sha256='200d2eaea66f7e70b67e14342689c9cf46f487bd5956ef936e8b89417ebaed46' ct_options='{\"ct_id\":325,\"ct_parent\":324,\"selector\":\"code_block-325-42\",\"original\":{\"code-php\":\"PCEtLSAtLT4=\",\"code-css\":\"Lm94ZWxfZmxpcGJveF9fZnJvbnQsCi5veGVsX2ZsaXBib3hfX2JhY2sgewogdHJhbnNpdGlvbjogMC43cyBhbGwgZWFzZS1pbi1vdXQ7CiBiYWNrZmFjZS12aXNpYmlsaXR5OiBoaWRkZW47CiAtd2Via2l0LWJhY2tmYWNlLXZpc2liaWxpdHk6IGhpZGRlbjsKIG1pbi1oZWlnaHQ6IDIwMHB4OwogdHJhbnNmb3JtLXN0eWxlOiBwcmVzZXJ2ZS0zZDsKIC13ZWJraXQtdHJhbnNmb3JtLXN0eWxlOiBwcmVzZXJ2ZS0zZDsKfQoKLm94ZWxfZmxpcGJveF9fZnJvbnQgewogdHJhbnNmb3JtOiByb3RhdGVZKDBkZWcpOwogdHJhbnNmb3JtLXN0eWxlOiBwcmVzZXJ2ZS0zZDsKIC13ZWJraXQtdHJhbnNmb3JtLXN0eWxlOiBwcmVzZXJ2ZS0zZDsKfQoKYm9keS5uZy1zY29wZSAub3hlbF9mbGlwYm94X19iYWNrIHsKIHRyYW5zZm9ybTogcm90YXRlWSgwZGVnKTsgCiBwb3NpdGlvbjogc3RhdGljOwogdHJhbnNmb3JtLXN0eWxlOiBwcmVzZXJ2ZS0zZDsKIC13ZWJraXQtdHJhbnNmb3JtLXN0eWxlOiBwcmVzZXJ2ZS0zZDsKfQoKYm9keTpub3QoLm5nLXNjb3BlKSAub3hlbF9mbGlwYm94OmhvdmVyIC5veGVsX2ZsaXBib3hfX2Zyb250IHsKIHRyYW5zZm9ybTogcm90YXRlWSgtMTgwZGVnKTsKfQoKYm9keTpub3QoLm5nLXNjb3BlKSAub3hlbF9mbGlwYm94OmhvdmVyIC5veGVsX2ZsaXBib3hfX2JhY2sgewogdHJhbnNmb3JtOiByb3RhdGVZKDBkZWcpOyAKfQoKLm94ZWxfZmxpcGJveF9fZnJvbnQgKiwKLm94ZWxfZmxpcGJveF9fYmFjayAqIHsKICB0cmFuc2Zvcm06IHRyYW5zbGF0ZVooNjBweCk7CiAgYmFja2ZhY2UtdmlzaWJpbGl0eTogaGlkZGVuOwogIC13ZWJraXQtYmFja2ZhY2UtdmlzaWJpbGl0eTogaGlkZGVuOwp9Cgp9\",\"width-unit\":\"%\",\"transition-duration-unit\":\"\",\"transition-duration\":\"\",\"transition-delay-unit\":\"\",\"transition-delay\":\"\"},\"nicename\":\"Flip Box Code\",\"ct_depth\":0}'][\/ct_code_block][ct_div_block_6 ct_sign_sha256='84a210e34d9845f02d653f520b6728f67e647195ecb88181645ae03ffc7d9600' ct_options='{\"ct_id\":326,\"ct_parent\":324,\"selector\":\"div_block-326-42\",\"classes\":{\"0\":\"oxel_flipbox__front\"},\"nicename\":\"Front\",\"original\":{\"margin-top\":\"0\",\"padding-top\":\"0\",\"box-shadow-color\":\"rgba(0,0,0,0.2)\",\"box-shadow-spread\":\"3\",\"box-shadow-blur\":\"5\",\"box-shadow-horizontal-offset\":\"0\",\"box-shadow-vertical-offset\":\"2\",\"background-image\":\"http:\/\/www.moringaoleifera.no\/staging\/wp-content\/uploads\/2021\/04\/moringa-youth-fountain-antialdring-kosttilskudd-300x350-1.png\",\"height\":\"350\"},\"ct_depth\":6}'][ct_headline ct_sign_sha256='82672541af13296da54fe76563ab9c4cc18626b7ef829ff938b5cea6a74ea38c' ct_options='{\"ct_id\":327,\"ct_parent\":326,\"selector\":\"headline-327-42\",\"original\":{\"tag\":\"h2\",\"color\":\"#ffffff\",\"margin-top\":\"-240\",\"font-size\":\"28\",\"text-shadow-color\":\"rgba(0,0,0,0.6)\",\"text-shadow-horizontal-offset\":\"2\",\"text-shadow-vertical-offset\":\"2\",\"text-shadow-blur\":\"3\"},\"media\":{\"tablet\":{\"original\":{\"margin-top\":\"31\"}}},\"nicename\":\"Heading (#327)\",\"ct_depth\":0}']Les om antialdring[\/ct_headline][ct_code_block ct_sign_sha256='d6ea68b3ac2b9e00d7d3d1d2c51cd2960a8719bee24afcb1f5da806c2c9630cf' ct_options='{\"ct_id\":328,\"ct_parent\":326,\"selector\":\"code_block-328-42\",\"original\":{\"code-php\":\"PHNjcmlwdCBzcmM9Imh0dHBzOi8vY2RuLmxvcmRpY29uLmNvbS8vbGlicy9mcmh2YnV6ai9sb3JkLWljb24tMi4wLjIuanMiPjwvc2NyaXB0Pgo8bG9yZC1pY29uCiAgICBzcmM9Imh0dHBzOi8vY2RuLmxvcmRpY29uLmNvbS8vZG5ydW9ldWIuanNvbiIKICAgIHRyaWdnZXI9Imxvb3AiCiAgICBkZWxheT0iMTAwMCIKICAgIGNvbG9ycz0icHJpbWFyeTojZmZmZmZmLHNlY29uZGFyeTojMGE1YzE1IgogICAgc3R5bGU9IndpZHRoOjcwcHg7aGVpZ2h0OjcwcHgiPgo8L2xvcmQtaWNvbj4=\",\"margin-left\":\"150\",\"margin-top\":\"200\",\"display\":\"none\"},\"media\":{\"tablet\":{\"original\":{\"display\":\"flex\"}}},\"nicename\":\"Code Block (#328)\",\"ct_depth\":0}'][\/ct_code_block][\/ct_div_block_6][ct_div_block_6 ct_sign_sha256='797e03660369af5bff797a1cc9c819f285405f4236e3dfb3d9a6c5bf02565685' ct_options='{\"ct_id\":329,\"ct_parent\":324,\"selector\":\"div_block-329-42\",\"classes\":{\"0\":\"oxel_flipbox__back\"},\"nicename\":\"Back\",\"original\":{\"box-shadow-color\":\"rgba(0,0,0,0.2)\",\"box-shadow-horizontal-offset\":\"0\",\"box-shadow-vertical-offset\":\"2\",\"box-shadow-blur\":\"5\",\"box-shadow-spread\":\"3\",\"background-image\":\"http:\/\/www.moringaoleifera.no\/staging\/wp-content\/uploads\/2021\/04\/bakside-youth-fountain-antiaging-300x350-1.png\",\"height\":\"350\"},\"ct_depth\":6}'][ct_headline ct_sign_sha256='1dcd57668347798321d8e7c447c60fdb50989f4f3c4b283429055fe4c9fa5241' ct_options='{\"ct_id\":330,\"ct_parent\":329,\"selector\":\"headline-330-42\",\"original\":{\"tag\":\"h2\",\"color\":\"#ffffff\",\"margin-top\":\"-240\",\"margin-left\":\"0\",\"margin-right\":\"0\",\"font-size\":\"28\",\"text-shadow-color\":\"rgba(0,0,0,0.6)\",\"text-shadow-horizontal-offset\":\"2\",\"text-shadow-vertical-offset\":\"2\",\"text-shadow-blur\":\"3\"},\"nicename\":\"Heading (#330)\",\"ct_depth\":0}']med Youth Fountain[\/ct_headline][ct_link_7 ct_sign_sha256='02e24b99b2a9af054b4a415cd84ae2a5b90bd76a79ba517d8fd7799cd1a32ab5' ct_options='{\"ct_id\":331,\"ct_parent\":329,\"selector\":\"link-331-42\",\"original\":{\"margin-top\":\"15\",\"padding-left\":\"15\",\"padding-right\":\"15\",\"padding-top\":\"10\",\"margin-left\":\"61\",\"width\":\"120\",\"box-shadow-color\":\"rgba(0,0,0,0.2)\",\"box-shadow-blur\":\"2\",\"box-shadow-vertical-offset\":\"0\",\"box-shadow-spread\":\"3\",\"background-color\":\"#ffffff\",\"border-radius\":\"4\",\"padding-bottom\":\"10\",\"url\":\"https:\/\/www.tree.gifts\/shop\/\",\"url_encoded\":\"true\",\"display\":\"none\"},\"nicename\":\"Link Wrapper (#331)\",\"ct_depth\":7}'][ct_text_block ct_sign_sha256='f3883f197b7ca8f6e1037d488d453f30968615a8dd1a8edb1876833e0fdd8bef' ct_options='{\"ct_id\":332,\"ct_parent\":331,\"selector\":\"text_block-332-42\",\"original\":{\"color\":\"color(8)\",\"font-weight\":\"600\"},\"nicename\":\"Text (#332)\",\"ct_depth\":0}'][ct_span ct_sign_sha256='d65a81ea52478f52cb705005edaa609dcabab015d02e87a07ebd122499c389df' ct_options='{\"ct_id\":333,\"ct_parent\":332,\"selector\":\"span-333-42\",\"original\":{\"oxyPowerPackTextRotator\":{\"0\":{\"text\":\"Give now\"}}},\"nicename\":\"Span (#333)\",\"ct_depth\":0}']Buy now[\/ct_span][\/ct_text_block][\/ct_link_7][ct_link_7 ct_sign_sha256='d91ea5d8cc6817180df493174b1d146eb2df102beae886bec05a3bca0711a12d' ct_options='{\"ct_id\":337,\"ct_parent\":329,\"selector\":\"link-337-42\",\"original\":{\"url\":\"https:\/\/altshop.info\/YouthFountain\",\"target\":\"_blank\",\"rel\":\"nofollow\",\"width\":\"300\",\"height\":\"350\",\"position\":\"absolute\",\"margin-top\":\"10\",\"url_encoded\":\"true\"},\"nicename\":\"Link Wrapper (#337)\",\"ct_depth\":7}'][\/ct_link_7][\/ct_div_block_6][\/ct_div_block_5][\/ct_div_block_4][\/ct_div_block_3][\/ct_new_columns_3][ct_headline ct_sign_sha256='5f2dadc57c599aa24b935fe4c61e29178f41c4a9b4469174b220f51555144110' ct_options='{\"ct_id\":202,\"ct_parent\":8,\"selector\":\"headline-202-42\",\"original\":{\"tag\":\"h2\"},\"activeselector\":false,\"nicename\":\"Heading (#202)\",\"ct_depth\":0}']Finn moringa kosttilskudd hos Iherb[\/ct_headline][ct_text_block ct_sign_sha256='4f4f17717c64ef6b26fbb89d4a176dab029ba4e6aee5f1f72ab38f640bb8afac' ct_options='{\"ct_id\":207,\"ct_parent\":8,\"selector\":\"text_block-207-42\",\"nicename\":\"Text (#207)\",\"ct_depth\":0}'][ct_span ct_sign_sha256='f9adeb8c78a27a725262a526deb2cb547dcef838fbaa7442886c468862d63caf' ct_options='{\"ct_id\":218,\"ct_parent\":207,\"selector\":\"span-218-42\",\"nicename\":\"Span (#218)\",\"ct_depth\":0}']<a href=\"https:\/\/betterhealth.click\/iHerbMoringa\" target=\"_blank\">Iherb<\/a>[\/ct_span] er en kjent nettbutikk i Norge og er en av de mest popul\u00e6re nettbutikkene verden over for helsekostprodukter, naturkosmetikk og \u00f8kologiske kosttilskudd. Bes\u00f8k dem via lenken ovenfor og se deres utvalg av Moringa oleifera produkter, som inkluderer moringa olje, moringa kapsler, moringa pulver og moringa te. <br><br>Flere av produktene er \u00f8kologiske og ofte til en hyggelig pris. I tillegg kan nye kunder f\u00e5 en ekstra rabatt ved \u00e5 f\u00f8lge lenken ovenfor eller ved \u00e5 bruk denne rabattkoden: [ct_span ct_sign_sha256='fd40347be86b9c347725d293a1b42f3cb84618925bc526093ad1b7a024059ee4' ct_options='{\"ct_id\":221,\"ct_parent\":207,\"selector\":\"span-221-42\",\"nicename\":\"Span (#221)\",\"ct_depth\":0}']<a href=\"https:\/\/betterhealth.click\/iHerbMoringa\" target=\"_blank\">ATS7912<\/a>[\/ct_span]<br>[\/ct_text_block][ct_text_block ct_sign_sha256='c5d59fed75d2d7438745f0ae027da743a97114beba39a1b1d01dc3c1faa1580a' ct_options='{\"ct_id\":79,\"ct_parent\":8,\"selector\":\"text_block-79-35\",\"original\":{\"margin-top\":\"35\",\"aos-enable\":\"true\",\"aos-type\":\"fade-up\",\"aos-duration\":\"1000\",\"aos-once\":\"true\",\"display\":\"none\"},\"activeselector\":false,\"nicename\":\"Text (#79)\",\"ct_depth\":0}']Mer informasjon om Equator Moringa kommer.[\/ct_text_block][\/ct_div_block_2][\/ct_section][ct_reusable ct_sign_sha256='6a2b153c596cded4133a43a2594ca3cf66969857bcd9eddec9642f9f8bc34efc' ct_options='{\"view_id\":69,\"selector\":\"reusable-233-42\",\"ct_id\":233,\"ct_parent\":0,\"nicename\":\"Reusable (post: 69) (#233)\",\"ct_depth\":0}'][\/ct_reusable]","ct_template_type":"","ct_parent_template":0,"footnotes":""},"_links":{"self":[{"href":"https:\/\/www.moringaoleifera.no\/staging\/wp-json\/wp\/v2\/pages\/42"}],"collection":[{"href":"https:\/\/www.moringaoleifera.no\/staging\/wp-json\/wp\/v2\/pages"}],"about":[{"href":"https:\/\/www.moringaoleifera.no\/staging\/wp-json\/wp\/v2\/types\/page"}],"author":[{"embeddable":true,"href":"https:\/\/www.moringaoleifera.no\/staging\/wp-json\/wp\/v2\/users\/2"}],"replies":[{"embeddable":true,"href":"https:\/\/www.moringaoleifera.no\/staging\/wp-json\/wp\/v2\/comments?post=42"}],"version-history":[{"count":2,"href":"https:\/\/www.moringaoleifera.no\/staging\/wp-json\/wp\/v2\/pages\/42\/revisions"}],"predecessor-version":[{"id":68,"href":"https:\/\/www.moringaoleifera.no\/staging\/wp-json\/wp\/v2\/pages\/42\/revisions\/68"}],"wp:attachment":[{"href":"https:\/\/www.moringaoleifera.no\/staging\/wp-json\/wp\/v2\/media?parent=42"}],"curies":[{"name":"wp","href":"https:\/\/api.w.org\/{rel}","templated":true}]}}