{"id":20,"date":"2021-03-27T02:03:05","date_gmt":"2021-03-27T02:03:05","guid":{"rendered":"http:\/\/www.moringaoleifera.no\/staging\/?page_id=20"},"modified":"2021-04-14T03:12:36","modified_gmt":"2021-04-14T01:12:36","slug":"oss","status":"publish","type":"page","link":"https:\/\/www.moringaoleifera.no\/staging\/om\/oss\/","title":{"rendered":"Oss"},"content":{"rendered":"","protected":false},"excerpt":{"rendered":"","protected":false},"author":2,"featured_media":0,"parent":18,"menu_order":0,"comment_status":"closed","ping_status":"closed","template":"","meta":{"ct_builder_shortcodes":"[ct_div_block ct_sign_sha256='54a1a45ba3177439265379ad02fa528de114b710faeec17258c07c4ddf31e9e8' ct_options='{\"ct_id\":3,\"ct_parent\":0,\"selector\":\"div_block-3-20\",\"original\":{\"background-image\":\"http:\/\/www.moringaoleifera.no\/staging\/wp-content\/uploads\/2021\/03\/banner-om-moringa-oleifera-leaves.jpg\",\"background-size\":\"cover\",\"margin-top\":\"-3\",\"margin-bottom\":\"0\"},\"nicename\":\"Div (#3)\",\"ct_depth\":1}'][ct_div_block_2 ct_sign_sha256='8ee4e2592f93cdb8d87f69012fc4a20bc7b3fd45278fb588a9a0552e28d9994a' ct_options='{\"ct_id\":4,\"ct_parent\":3,\"selector\":\"div_block-4-20\",\"original\":{\"width-unit\":\"%\",\"width\":\"100\",\"padding-top-unit\":\"%\",\"padding-top\":\"36\",\"margin-bottom\":\"0\"},\"activeselector\":false,\"nicename\":\"Div (#4)\",\"ct_depth\":2}'][\/ct_div_block_2][\/ct_div_block][ct_section ct_sign_sha256='21bf7ac9ddb486bacf886efdf782688206f3badc4406adeb58d8824b85f82631' ct_options='{\"ct_id\":6,\"ct_parent\":0,\"selector\":\"section-6-20\",\"original\":{\"container-padding-top\":\"50\"},\"activeselector\":false,\"nicename\":\"Section (#6)\",\"ct_depth\":1}'][ct_div_block_2 ct_sign_sha256='3d4200c6e8b52a53c9f990546d3e691e4c2035e1a3f7be64933a3f89e1dd3489' ct_options='{\"ct_id\":8,\"ct_parent\":6,\"selector\":\"div_block-8-20\",\"nicename\":\"Div (#8)\",\"ct_depth\":2}'][ct_headline ct_sign_sha256='6fada1fb29412994b41b2fbe9cfe5286e8d79367109fe53ddf7d2589c35d992c' ct_options='{\"ct_id\":9,\"ct_parent\":8,\"selector\":\"headline-9-20\",\"activeselector\":false,\"media\":{\"phone-portrait\":{\"original\":{\"font-size\":\"36\"}}},\"nicename\":\"Heading (#9)\",\"ct_depth\":0}']Om MoringaOleifera.no[\/ct_headline][ct_text_block ct_sign_sha256='d369c5854b294e0b4a1edf779fd87d4b0333cf13e99cbdf3eaa66cd2dd7a6d45' ct_options='{\"ct_id\":10,\"ct_parent\":8,\"selector\":\"text_block-10-20\",\"nicename\":\"Text (#10)\",\"ct_depth\":0}']Vi omtaler helsekost og naturprodukter best\u00e5ende av <i>Moringa oleifera<\/i> basert p\u00e5 studier og forskning. N\u00e5r det er relevant, kan vi ogs\u00e5 omtale erfaringer med moringa produkter. P\u00e5 denne websiden f\u00e5r du ingen som helst form for medisinsk r\u00e5dgivning, vi deler kun forskningsbasert informasjon om moringa p\u00e5 generelt grunnlag.[\/ct_text_block][ct_headline ct_sign_sha256='26775fccafb8100ecbe0ed9e5c01ac88fdeab5eea21c1972694c9e665ddb0665' ct_options='{\"ct_id\":11,\"ct_parent\":8,\"selector\":\"headline-11-20\",\"original\":{\"tag\":\"h2\"},\"activeselector\":false,\"nicename\":\"Heading (#11)\",\"ct_depth\":0}']Hvem er vi[\/ct_headline][ct_text_block ct_sign_sha256='d84f0f45336e37e491e43430adca0e58f1bc3b19d2a600071a818079c3ba588f' ct_options='{\"ct_id\":23,\"ct_parent\":8,\"selector\":\"text_block-23-20\",\"nicename\":\"Text (#23)\",\"ct_depth\":0}']Fagansvarlig for websidene er Dra. Renata Sampaio. Hun er biolog og har doktorgrad i naturlige og syntetiske bioaktive produkter innen farmakologi ved \u201cUniversidade Federal da Para\u00edba\u201d i Brasil. Renata er ogs\u00e5 eier av Invest and Health, selskapet som er ansvarlig for MoringaOleifera.no <br><br>Ansvarlig for norsk tekst er Audun Tur\u00f8y. Han har over 20 \u00e5rs erfaring med kosttilskudd og naturlig helse, men ingen formell utdanning innen helse. <br>[\/ct_text_block][ct_headline ct_sign_sha256='44d56aa62ca086acf0da7031a5b88a1b188452646ea07be2394414562aa2cc9f' ct_options='{\"ct_id\":20,\"ct_parent\":8,\"selector\":\"headline-20-20\",\"original\":{\"tag\":\"h2\"},\"activeselector\":false,\"nicename\":\"Heading (#20)\",\"ct_depth\":0}']Forbehold[\/ct_headline][ct_text_block ct_sign_sha256='265916c622b8a87ff453f18789ceb936174b532ac725f53b3bcc430741cb375b' ct_options='{\"ct_id\":26,\"ct_parent\":8,\"selector\":\"text_block-26-20\",\"nicename\":\"Text (#26)\",\"ct_depth\":0}']Dersom du opplever bivirkninger eller har en diagnose b\u00f8r du r\u00e5df\u00f8re deg med kvalifisert helsepersonell. Det samme gjelder dersom du tar medisiner. Flere typer kosttilskudd kan gi bivirkning sammen med inntak av medisiner. Det kan derfor v\u00e6re hensiktsmessig \u00e5 r\u00e5df\u00f8re seg med helsepersonell f\u00f8r inntak av moringa eller andre naturprodukter. <br><br>Det er viktig \u00e5 v\u00e6re oppmerksom p\u00e5 at det ikke finnes noen garanti for helseeffekt selv om studier tilsier at inntak kan v\u00e6re positivt. Vi er alle biokjemisk ulike og har forskjellige behov. Det er derfor normalt \u00e5 m\u00e5tte pr\u00f8ve seg frem til du finner de kosttilskuddene som passer for deg. Selv om sv\u00e6rt mange studier p\u00e5 moringa peker i positiv retning er det ikke sikkert at moringa kosttilskudd passer for dine behov. <br><br>Informasjonen vi kommer med er forskningsbasert, men feil kan forekomme. Vi tar ikke ansvar for feil p\u00e5 v\u00e5re websider eller websider vi lenker til eller omtaler. Vi setter pris p\u00e5 om du kontakter dersom du finner noe du mener er feil, eller har en negativ opplevelse i forbindelse med v\u00e5rt nettsted. Bruk av informasjon p\u00e5 v\u00e5re websider er p\u00e5 eget ansvar. Opps\u00f8k lege dersom du opplever vedvarende ubehag etter \u00e5 ha inntatt kosttilskudd. <br>[\/ct_text_block][ct_headline ct_sign_sha256='8c553826decf6868a6a45e3cdcdbf53230e0ad990a0e8b5040910fc4fbf7939c' ct_options='{\"ct_id\":28,\"ct_parent\":8,\"selector\":\"headline-28-20\",\"original\":{\"tag\":\"h2\"},\"activeselector\":false,\"nicename\":\"Heading (#28)\",\"ct_depth\":0}']Affiliate[\/ct_headline][ct_text_block ct_sign_sha256='e7758cb9b5c8be66935ff6fe07d8e259c3cb965ea5b91391e7efc7444f586d9e' ct_options='{\"ct_id\":29,\"ct_parent\":8,\"selector\":\"text_block-29-20\",\"nicename\":\"Text (#29)\",\"ct_depth\":0}']Vi f\u00e5r inntekter p\u00e5 v\u00e5re aktiviteter ved \u00e5 benytte affiliate lenker. Legg merke til at vi aldri vil v\u00e6re et fordyrende mellomledd. Tvert imot vil du i enkelte tilfeller kunne oppn\u00e5 bedre pris n\u00e5r du handler i en nettbutikk du har bes\u00f8kt ved \u00e5 klikke p\u00e5 en lenke fra v\u00e5re websider. Vi takker for din st\u00f8tte dersom du legger inn en bestilling i en nettbutikk via en lenke p\u00e5 v\u00e5rt nettsted, eller om du deler websiden v\u00e5r med andre som kan ha nytte av det vi publiserer.[\/ct_text_block][ct_headline ct_sign_sha256='c7b62da2396eaff572a0c160648e685a79d5d61a872ba4efea05bcfcd9713a3f' ct_options='{\"ct_id\":32,\"ct_parent\":8,\"selector\":\"headline-32-20\",\"original\":{\"tag\":\"h2\"},\"activeselector\":false,\"nicename\":\"Heading (#32)\",\"ct_depth\":0}']Vi spionerer ikke p\u00e5 v\u00e5re bes\u00f8kende[\/ct_headline][ct_text_block ct_sign_sha256='f76ded55a14539af775f9bdd5a1f135b075aee2e37fc357c5784063391332ace' ct_options='{\"ct_id\":34,\"ct_parent\":8,\"selector\":\"text_block-34-20\",\"nicename\":\"Text (#34)\",\"ct_depth\":0}']Vi verdsetter b\u00e5de ditt og v\u00e5rt eget privatliv og benytter ikke cookies fra tjenester som Google Analytics eller pixels fra Facebook, etc. Verkt\u00f8yene vi benytter for \u00e5 forbedre v\u00e5re websider f\u00f8lger normalt GDPR standard og data fra v\u00e5re websider deles ikke med andre.   <br><br>Vi pr\u00f8ver heller ikke \u00e5 identifisere v\u00e5re bes\u00f8kende og kontakt per epost eller andre tjenester behandles konfidensielt. Ditt privatliv er i trygge hender p\u00e5 v\u00e5re nettsider. Vi velger konsekvent l\u00f8sninger for v\u00e5re nettsteder som gir privatlivet best mulig beskyttelse. Vi kan ikke garantere for websidene vi lenker til. Kontakt oss gjerne om du har en negativ opplevelse p\u00e5 en av nettsidene du bes\u00f8ker via en lenke p\u00e5 v\u00e5r nettside. <br>[\/ct_text_block][ct_headline ct_sign_sha256='b623d9d5c120674565438f8f354b4f9c8ee3e6bc735239faaaeba30b165ac361' ct_options='{\"ct_id\":36,\"ct_parent\":8,\"selector\":\"kontakt-oss\",\"original\":{\"tag\":\"h2\",\"padding-top\":\"150\",\"margin-top\":\"-105\"},\"activeselector\":false,\"nicename\":\"Heading (#36)\",\"ct_depth\":0}']Kontakt oss[\/ct_headline][ct_div_block_3 ct_sign_sha256='42f0a20cf32b39dd00ad7f24b8f35f470723c2886fb269463169aa7105b62a2c' ct_options='{\"ct_id\":55,\"ct_parent\":8,\"selector\":\"div_block-55-20\",\"original\":{\"flex-direction\":\"column\",\"display\":\"flex\",\"text-align\":\"left\"},\"nicename\":\"Div (#55)\",\"activeselector\":false,\"ct_depth\":3}'][ct_text_block ct_sign_sha256='0a92b9d9162d1ce083df2db5507bb403ffd2f91f5a42c641077f0f1e22b39883' ct_options='{\"ct_id\":38,\"ct_parent\":55,\"selector\":\"text_block-38-20\",\"nicename\":\"Text (#38)\",\"ct_depth\":4}']Vi kommuniserer p\u00e5 norsk, engelsk og portugisisk og n\u00e5s via<br>[\/ct_text_block][ct_code_block ct_sign_sha256='13003b683f9e0242d97399bc2b85a00933e06d2f25ea1348b220d4f1c2a4a9df' ct_options='{\"ct_id\":57,\"ct_parent\":55,\"selector\":\"email\",\"original\":{\"code-js\":\"\",\"code-php\":\"PGEgaWQ9ImVtYWlsIiBocmVmPSIgIiB0YXJnZXQ9Il9ibGFuayI+RS1tYWlsOiBLbGlrayBmb3Igw6UgdmlzZSBlcG9zdDwvYT4KPHNjcmlwdCB0eXBlPSJ0ZXh0L2phdmFzY3JpcHQiPgogICAgZnVuY3Rpb24gZGVjb2RlKGEpIHsKICAgICAgICByZXR1cm4gYS5yZXBsYWNlKC9bYS16QS1aXS9nLCBmdW5jdGlvbihjKSB7CiAgICAgICAgICAgIHJldHVybiBTdHJpbmcuZnJvbUNoYXJDb2RlKChjIDw9ICJaIiA\/IDkwIDogMTIyKSA+PSAoYyA9IGMuY2hhckNvZGVBdCgwKSArIDEzKQogICAgICAgICAgICAgICAgPyBjIDogYyAtIDI2KTsKICAgICAgICB9KTsKICAgIH07CgogICAgZnVuY3Rpb24gb3Blbk1haWxlcihlbGVtZW50KSB7CiAgICAgICAgdmFyIHkgPSBkZWNvZGUoInpudnlnYjpwYmFnbnBnQGNlYmlyYXVybnlndW9yYXJzdmdmLnBiej9maG93cnBnPVpiYWI6Iik7CiAgICAgICAgd2luZG93LmxvY2F0aW9uLmhyZWYgPSB5OwogICAgfTsKCiAgICBkb2N1bWVudC5nZXRFbGVtZW50QnlJZCgnZW1haWwnKS5hZGRFdmVudExpc3RlbmVyKCdjbGljaycsIGZ1bmN0aW9uKGV2ZW50KSB7CiAgICAgICAgZXZlbnQucHJldmVudERlZmF1bHQoKTsKICAgICAgICBvcGVuTWFpbGVyKHRoaXMpOwogICAgfSk7Cjwvc2NyaXB0Pg==\",\"custom-js\":\"\"},\"nicename\":\"Code Block (#57)\",\"activeselector\":false,\"ct_depth\":4}'][\/ct_code_block][\/ct_div_block_3][ct_text_block ct_sign_sha256='d9c7f544209e0d3fce9aed61ada7bf34eadb3a6d9f687d18852731dd051c3e5b' ct_options='{\"ct_id\":40,\"ct_parent\":8,\"selector\":\"text_block-40-20\",\"original\":{\"margin-top\":\"35\"},\"activeselector\":false,\"nicename\":\"Text (#40)\",\"ct_depth\":0}']V\u00e6r vennlig \u00e5 la referansekoden i emnefeltet st\u00e5 som den er (Mono:) og legg til din tekst etter kolon tegnet, da vet vi hvilken nettside du kontakter oss fra. Vi bruker kryptert epost for din sikkerhet og alle eposter som sendes til oss slettes normalt automatisk innen 10 dager. <br>[\/ct_text_block][ct_text_block ct_sign_sha256='2a3c0bfe8b8157216b1e324773ab4fb5b214e2acaf35cb59da6a25e1fec29c3a' ct_options='{\"ct_id\":61,\"ct_parent\":8,\"selector\":\"text_block-61-20\",\"original\":{\"margin-top\":\"35\"},\"activeselector\":false,\"nicename\":\"Text (#40)\",\"ct_depth\":3}']Her kan du f\u00f8lge v\u00e5r engelske  Facebook side om forskning p\u00e5 <i>Moringa oleifera<\/i>.  <br>[\/ct_text_block][ct_div_block_3 ct_sign_sha256='8969b2921f60f6da02122dcf5bfd1606e349c5fe75bc94900f1ccf82c991e276' ct_options='{\"ct_id\":45,\"ct_parent\":8,\"selector\":\"div_block-45-20\",\"original\":{\"width-unit\":\"%\",\"width\":\"100\",\"align-items\":\"center\",\"text-align\":\"center\",\"margin-top\":\"15\"},\"nicename\":\"Div (#45)\",\"ct_depth\":3}'][ct_link_4 ct_sign_sha256='d43aee3b31ccb8f7b9bf5349bd546fe5775c4914f7a6dda31035fc5e9a43cb47' ct_options='{\"ct_id\":54,\"ct_parent\":45,\"selector\":\"link-54-20\",\"original\":{\"url\":\"https:\/\/www.facebook.com\/moringahealthbenefits\",\"target\":\"_blank\",\"url_encoded\":\"true\"},\"nicename\":\"Link Wrapper (#54)\",\"ct_depth\":4}'][ct_image ct_sign_sha256='a926ef61d18d829a2be96e0c280f713dedfe6961d73326f2752d8100fdfe4d99' ct_options='{\"ct_id\":44,\"ct_parent\":54,\"selector\":\"image-44-20\",\"original\":{\"src\":\"http:\/\/www.moringaoleifera.no\/staging\/wp-content\/uploads\/2021\/04\/moringa-oleifera-science-facebook-banner-no-text.jpg\"},\"activeselector\":false,\"nicename\":\"Image (#44)\",\"ct_depth\":0}'][\/ct_image][\/ct_link_4][ct_link_4 ct_sign_sha256='6a3b9e41b223cfff01e75d3c69c660576bf19c45ddafa33260b390b249cba6c9' ct_options='{\"ct_id\":48,\"ct_parent\":45,\"selector\":\"link-48-20\",\"original\":{\"target\":\"_blank\",\"url\":\"https:\/\/www.facebook.com\/moringahealthbenefits\",\"margin-top\":\"-70\",\"url_encoded\":\"true\"},\"activeselector\":false,\"nicename\":\"Link Wrapper (#48)\",\"ct_depth\":4}'][ct_div_block_5 ct_sign_sha256='a5d63f9f15e9023b058eb47053ae93312ed75d257c528fe1386566912e57e608' ct_options='{\"ct_id\":49,\"ct_parent\":48,\"selector\":\"div_block-49-20\",\"original\":{\"background-color\":\"#2d88ff\",\"align-items\":\"center\",\"border-radius\":\"4\",\"flex-direction\":\"row\",\"display\":\"flex\"},\"hover\":{\"background-color\":\"#4c99ff\"},\"activeselector\":false,\"nicename\":\"Div (#49)\",\"ct_depth\":5}'][ct_fancy_icon ct_sign_sha256='c6bde78c9fd8d28c4b6d17407e1bbb15c2f7a397276ebc768262556abbfd601d' ct_options='{\"ct_id\":52,\"ct_parent\":49,\"selector\":\"fancy_icon-52-20\",\"original\":{\"icon-id\":\"FontAwesomeicon-facebook\",\"icon-color\":\"#ffffff\",\"icon-size\":\"30\",\"padding-left\":\"20\",\"padding-top\":\"4\"},\"activeselector\":false,\"nicename\":\"Icon (#52)\",\"ct_depth\":0}'][\/ct_fancy_icon][ct_text_block ct_sign_sha256='48d00ec4ce11f2ec435d40eb86b77579b63242553956cb678339e676c829362c' ct_options='{\"ct_id\":50,\"ct_parent\":49,\"selector\":\"text_block-50-20\",\"original\":{\"padding-left\":\"20\",\"padding-right\":\"40\",\"padding-top\":\"11\",\"padding-bottom\":\"9\",\"font-size\":\"20\",\"color\":\"#ffffff\",\"font-weight\":\"600\"},\"hover\":{\"color\":\"#ffffff\",\"text-decoration\":\"underline\"},\"activeselector\":false,\"nicename\":\"Text (#50)\",\"ct_depth\":0}']F\u00f8lg oss p\u00e5 Facebook[\/ct_text_block][\/ct_div_block_5][\/ct_link_4][\/ct_div_block_3][\/ct_div_block_2][\/ct_section]","ct_template_type":"","ct_parent_template":0,"footnotes":""},"_links":{"self":[{"href":"https:\/\/www.moringaoleifera.no\/staging\/wp-json\/wp\/v2\/pages\/20"}],"collection":[{"href":"https:\/\/www.moringaoleifera.no\/staging\/wp-json\/wp\/v2\/pages"}],"about":[{"href":"https:\/\/www.moringaoleifera.no\/staging\/wp-json\/wp\/v2\/types\/page"}],"author":[{"embeddable":true,"href":"https:\/\/www.moringaoleifera.no\/staging\/wp-json\/wp\/v2\/users\/2"}],"replies":[{"embeddable":true,"href":"https:\/\/www.moringaoleifera.no\/staging\/wp-json\/wp\/v2\/comments?post=20"}],"version-history":[{"count":1,"href":"https:\/\/www.moringaoleifera.no\/staging\/wp-json\/wp\/v2\/pages\/20\/revisions"}],"predecessor-version":[{"id":21,"href":"https:\/\/www.moringaoleifera.no\/staging\/wp-json\/wp\/v2\/pages\/20\/revisions\/21"}],"up":[{"embeddable":true,"href":"https:\/\/www.moringaoleifera.no\/staging\/wp-json\/wp\/v2\/pages\/18"}],"wp:attachment":[{"href":"https:\/\/www.moringaoleifera.no\/staging\/wp-json\/wp\/v2\/media?parent=20"}],"curies":[{"name":"wp","href":"https:\/\/api.w.org\/{rel}","templated":true}]}}