{"id":14,"date":"2021-03-27T00:35:23","date_gmt":"2021-03-27T00:35:23","guid":{"rendered":"http:\/\/www.moringaoleifera.no\/staging\/?page_id=14"},"modified":"2023-07-11T19:44:42","modified_gmt":"2023-07-11T17:44:42","slug":"home","status":"publish","type":"page","link":"https:\/\/www.moringaoleifera.no\/staging\/","title":{"rendered":"Home"},"content":{"rendered":"","protected":false},"excerpt":{"rendered":"","protected":false},"author":2,"featured_media":0,"parent":0,"menu_order":0,"comment_status":"closed","ping_status":"closed","template":"","meta":{"ct_builder_shortcodes":"[ct_div_block ct_sign_sha256='954519584a93f019593c6d510d2c5a2a8a835a9e977c3a7d2e1d0a8f78f003a4' ct_options='{\"ct_id\":3,\"ct_parent\":0,\"selector\":\"div_block-3-14\",\"original\":{\"background-image\":\"https:\/\/www.moringaoleifera.no\/staging\/wp-content\/uploads\/2022\/05\/banner-moringa-oleifera-leaves-capsules-table.jpg\",\"background-size\":\"cover\",\"margin-top\":\"-3\",\"margin-bottom\":\"0\"},\"nicename\":\"Div (#3)\",\"ct_depth\":1}'][ct_div_block_2 ct_sign_sha256='cbc12473a82f1d25d3090453be33fe3e4ade8d94a68eed6910d63c15de865498' ct_options='{\"ct_id\":5,\"ct_parent\":3,\"selector\":\"div_block-5-14\",\"original\":{\"width-unit\":\"%\",\"width\":\"100\",\"padding-top-unit\":\"%\",\"padding-top\":\"36\",\"margin-bottom\":\"0\"},\"activeselector\":false,\"nicename\":\"Div (#5)\",\"ct_depth\":\"2\"}'][\/ct_div_block_2][\/ct_div_block][ct_section ct_sign_sha256='57b06f47071968658b326a1708abbb03cf129beb627e4f10a7da51d438c3a98a' ct_options='{\"ct_id\":7,\"ct_parent\":0,\"selector\":\"section-7-14\",\"original\":{\"container-padding-top\":\"50\"},\"activeselector\":false,\"nicename\":\"Section (#7)\",\"ct_depth\":1}'][ct_div_block_2 ct_sign_sha256='c95237747e18853a75a778c4bfb45a2d107e90a5035d1009911c77d3d91e7613' ct_options='{\"ct_id\":8,\"ct_parent\":7,\"selector\":\"div_block-8-14\",\"nicename\":\"Div (#8)\",\"ct_depth\":\"2\"}'][ct_headline ct_sign_sha256='3009259cb109964e87ba1400fdeee963131a879ab88ed0a38c4ed999b3c53d6b' ct_options='{\"ct_id\":9,\"ct_parent\":8,\"selector\":\"headline-9-14\",\"activeselector\":false,\"nicename\":\"Heading (#9)\",\"ct_depth\":0}']Moringa oleifera kalles mirakeltreet, men hvorfor?[\/ct_headline][ct_text_block ct_sign_sha256='b457fbb78fd2f2718e8bdec1754847bd43683a27ce00fbb550ba10cb764571ea' ct_options='{\"ct_id\":11,\"ct_parent\":8,\"selector\":\"text_block-11-14\",\"nicename\":\"Text (#11)\",\"ct_depth\":0}']Moringa treet er kjent for sine mange og omfattende helsefordeler og har en lang historie som folkemedisin, blant annet i India, som er den st\u00f8rste produsenten av naturprodukter basert p\u00e5 <i>Moringa oleifera<\/i>.<br><br>Det er ogs\u00e5 beskrevet at h\u00e6ren til det gamle Maurya imperiet, ble matet med ekstrakter fra moringa blader under kampene. Det ble antatt at denne \u201celixiren\u201d \u00f8kte energien til soldatene i tillegg til \u00e5 avlaste for stress og smerte for\u00e5rsaket av krigen, og det var disse soldatene som beseiret h\u00e6ren til \"Alexander den store\", og tok over en del av territoriet til det som n\u00e5 er India [ct_span ct_sign_sha256='a2c30257fd3b878156c3884dd455126f8bd969c0af5d0a6f9fd85ef4f3e2675a' ct_options='{\"ct_id\":71,\"ct_parent\":11,\"selector\":\"span-71-14\",\"classes\":{\"0\":\"reference-id\"},\"activeselector\":\"reference-id\",\"nicename\":\"Span (#71)\",\"ct_depth\":0}']_OXY_OPENING_BRACKET_10_OXY_CLOSING_BRACKET_[\/ct_span].<br><br>P\u00e5 Filippinene er <i>Moringa oleifera<\/i> kjent som \"m\u00f8drenes beste venn\" siden bladene brukes til \u00e5 \u00f8ke kvinners melkeproduksjon og noen ganger ogs\u00e5 er foreskrevet for anemi [ct_span ct_sign_sha256='cc7769ee6b01701adb866103c47199346d22de6a5401bfcbc48ecb5a3f3d6386' ct_options='{\"ct_id\":73,\"ct_parent\":11,\"selector\":\"span-73-14\",\"classes\":{\"0\":\"reference-id\"},\"activeselector\":\"reference-id\",\"nicename\":\"Span (#73)\",\"ct_depth\":0}']_OXY_OPENING_BRACKET_11, 4_OXY_CLOSING_BRACKET_[\/ct_span]. Mange steder kalles moringa \"Det mirakul\u00f8se treet\" p\u00e5 grunn av dens ern\u00e6ringsmessige fordeler, medisinske egenskaper, i tillegg til dets evne til \u00e5 ivareta milj\u00f8et [ct_span ct_sign_sha256='9f314b9f5cd5b174eab9edb7f18f740e76809fa24367ba2b353226b81aa72681' ct_options='{\"ct_id\":75,\"ct_parent\":11,\"selector\":\"span-75-14\",\"classes\":{\"0\":\"reference-id\"},\"activeselector\":\"reference-id\",\"nicename\":\"Span (#75)\",\"ct_depth\":0}']_OXY_OPENING_BRACKET_12, 8_OXY_CLOSING_BRACKET_[\/ct_span].[\/ct_text_block][ct_headline ct_sign_sha256='b5b6cdfa21eea52a49fa0e166c75e12739cc11ded2fdccb87e21c3fa6561320c' ct_options='{\"ct_id\":16,\"ct_parent\":8,\"selector\":\"headline-16-14\",\"original\":{\"tag\":\"h2\"},\"activeselector\":false,\"nicename\":\"Heading (#16)\",\"ct_depth\":0}']Hvor f\u00e5r du kj\u00f8pt \u00f8kologisk moringa kosttilskudd av god kvalitet?[\/ct_headline][ct_text_block ct_sign_sha256='5deb0f6da3fc014415d16a56af779ddccb0cda6ef051c59a4081fde0799df078' ct_options='{\"ct_id\":18,\"ct_parent\":8,\"selector\":\"text_block-18-14\",\"nicename\":\"Text (#18)\",\"ct_depth\":0}']En av v\u00e5re favoritt nettbutikker innen \u00f8kologisk helsekost og velv\u00e6re i Norge er AltShop. De selger blant annet \u00f8kologisk moringa pulver og moringa kapsler av h\u00f8y kvalitet. Her kan du lese en [ct_span ct_sign_sha256='2011ab74889c780bcdd3ae599685c94564fd553923cc08edb1c0644dc379db63' ct_options='{\"ct_id\":19,\"ct_parent\":18,\"selector\":\"span-19-14\",\"nicename\":\"Span (#19)\",\"ct_depth\":0}']<a href=\"https:\/\/altshop.info\/Moringa\">artikkel om moringa<\/a>[\/ct_span] fra AltShop som gir deg litt mer innsikt i dens potensielle helsefordeler mens vi arbeider med \u00e5 oppdatere denne websiden. Mer forskningsbasert informasjon om moringas mange positive egenskaper kommer i l\u00f8pet av \u00e5ret.[\/ct_text_block][\/ct_div_block_2][\/ct_section][ct_section ct_sign_sha256='b5efecba2b9afa6844ac911b4710528aad9a60f548281c7e2c6cd824e425126c' ct_options='{\"ct_id\":63,\"ct_parent\":0,\"selector\":\"section-63-14\",\"original\":{\"container-padding-left\":\"0\",\"container-padding-right\":\"0\",\"container-padding-top\":\"0\",\"container-padding-bottom\":\"0\",\"section-width\":\"full-width\"},\"activeselector\":false,\"nicename\":\"Section (#63)\",\"ct_depth\":1}'][ct_div_block_2 ct_sign_sha256='035b3f05c85b152ecd92ccd611cc340aef72f8258cba72222402e7ab378ca3da' ct_options='{\"ct_id\":67,\"ct_parent\":63,\"selector\":\"div_block-67-14\",\"original\":{\"height\":\"200\",\"width-unit\":\"%\",\"width\":\"100\",\"background-color\":\"color(5)\",\"margin-top\":\"70\",\"margin-bottom\":\"120\"},\"activeselector\":false,\"media\":{\"phone-portrait\":{\"original\":{\"height\":\"60\",\"margin-top\":\"0\",\"margin-bottom\":\"50\"}}},\"nicename\":\"Div (#67)\",\"ct_depth\":\"2\"}'][ct_div_block_3 ct_sign_sha256='6aec7c61b1264528aac2841d6338c918ef0e09b4951ee58177f4d6e948025647' ct_options='{\"ct_id\":68,\"ct_parent\":67,\"selector\":\"div_block-68-14\",\"original\":{\"width-unit\":\"%\",\"width\":\"100\",\"height\":\"400\",\"margin-top\":\"-100\",\"background-repeat\":\"no-repeat\",\"background-size\":\"contain\",\"background-position-left-unit\":\"%\",\"background-position-left\":\"50\",\"position\":\"absolute\",\"align-items\":\"center\",\"text-align\":\"center\"},\"activeselector\":false,\"media\":{\"phone-portrait\":{\"original\":{\"height-unit\":\"px\",\"height\":\"150\",\"margin-top\":\"-40\"}}},\"nicename\":\"Div (#68)\",\"ct_depth\":\"3\"}'][ct_image ct_sign_sha256='449e344a48655b9aa53cafe11e517d41a1d6f2dda95e04b2cb7dba2b5735d276' ct_options='{\"ct_id\":69,\"ct_parent\":68,\"selector\":\"image-69-14\",\"original\":{\"src\":\"https:\/\/www.moringaoleifera.no\/staging\/wp-content\/uploads\/2022\/05\/happy-family-ocean-walking.jpg\",\"box-shadow-color\":\"rgba(0,0,0,0.35)\",\"box-shadow-vertical-offset\":\"8\",\"box-shadow-blur\":\"20\",\"box-shadow-spread\":\"3\",\"box-shadow-horizontal-offset\":\"0\",\"box-shadow-inset\":\"false\",\"aos-enable\":\"true\",\"aos-type\":\"slide-up\",\"aos-duration\":\"3000\",\"aos-once\":\"true\"},\"activeselector\":false,\"media\":{\"phone-portrait\":{\"original\":{\"width-unit\":\"%\",\"width\":\"90\"}}},\"nicename\":\"Image (#69)\",\"ct_depth\":0}'][\/ct_image][\/ct_div_block_3][\/ct_div_block_2][\/ct_section][ct_section ct_sign_sha256='97dbf30128cc89f161bdbef3dae36efbd69cdf6b8ff5384eb7a77a11dee800de' ct_options='{\"ct_id\":64,\"ct_parent\":0,\"selector\":\"section-64-14\",\"original\":{\"container-padding-top\":\"0\"},\"activeselector\":false,\"nicename\":\"Section (#64)\",\"ct_depth\":1}'][ct_div_block_2 ct_sign_sha256='155c3426060052e9ccc45d94e0d0beb3f31ab04a98f10e409335bdc158eeec60' ct_options='{\"ct_id\":47,\"ct_parent\":64,\"selector\":\"div_block-47-14\",\"original\":{\"aos-enable\":\"true\",\"aos-type\":\"fade-up\",\"aos-once\":\"true\",\"aos-duration\":\"3000\"},\"activeselector\":false,\"nicename\":\"Div (#47)\",\"ct_depth\":\"2\"}'][ct_headline ct_sign_sha256='63f4642bde79387002a32a6791f55c45b8a4fd093e87ca5513f0c4f14176abf4' ct_options='{\"ct_id\":56,\"ct_parent\":47,\"selector\":\"headline-56-14\",\"original\":{\"tag\":\"h2\",\"margin-top\":\"35\",\"margin-bottom\":\"15\"},\"nicename\":\"Heading (#56)\",\"ct_depth\":0}']Mer fakta informasjon om moringa kommer[\/ct_headline][ct_text_block ct_sign_sha256='374a4690d1b939fdda87ed4126b284bc3a2273caa12f030f443dbe53965ce189' ct_options='{\"ct_id\":57,\"ct_parent\":47,\"selector\":\"text_block-57-14\",\"nicename\":\"Text (#57)\",\"ct_depth\":0}']Vi jobber med flere ulike prosjekter og det vil derfor ta noe tid f\u00f8r vi er klare til \u00e5 oppdatere denne websiden, men mer kommer i l\u00f8pet av \u00e5ret. I mellomtiden kan du eventuelt f\u00f8lge v\u00e5r engelske [ct_span ct_sign_sha256='9bc5bd84095349821644713ad09e04f4d34979612c1e253618121bf351206a65' ct_options='{\"ct_id\":58,\"ct_parent\":57,\"selector\":\"span-58-14\",\"nicename\":\"Span (#58)\",\"ct_depth\":0}']<a href=\"https:\/\/www.facebook.com\/moringahealthbenefits\">Facebook side om moringa<\/a>[\/ct_span].[\/ct_text_block][\/ct_div_block_2][\/ct_section][ct_section ct_sign_sha256='09046289b480f3e5277befae8b8672ca8653d7992db79f3b065912cfad48bdf7' ct_options='{\"ct_id\":76,\"ct_parent\":0,\"selector\":\"section-76-14\",\"original\":{\"section-width\":\"page-width\",\"container-padding-top\":\"10\"},\"activeselector\":false,\"nicename\":\"Section (#76)\",\"ct_depth\":1}'][ct_div_block_2 ct_sign_sha256='0d45c386a587e38d8e9cf2b800657aa5e2b8ae8b2d19f1f4a4b75d6819298fb1' ct_options='{\"ct_id\":77,\"ct_parent\":76,\"selector\":\"div_block-77-14\",\"original\":{\"width-unit\":\"%\",\"width\":\"100\",\"flex-direction\":\"row\",\"display\":\"flex\"},\"nicename\":\"Div (#77)\",\"ct_depth\":\"2\"}'][ct_code_block ct_sign_sha256='e3c12eb148735be7af3eb1742e5b25f13dfb02eae911d5db6a6b04aa7c5f303a' ct_options='{\"ct_id\":78,\"ct_parent\":77,\"selector\":\"code_block-78-14\",\"original\":{\"margin-right\":\"10\",\"code-php\":\"PHNjcmlwdCBzcmM9Imh0dHBzOi8vY2RuLmxvcmRpY29uLmNvbS8vbGlicy9mcmh2YnV6ai9sb3JkLWljb24tMi4wLjIuanMiPjwvc2NyaXB0Pgo8bG9yZC1pY29uCiAgICBzcmM9Imh0dHBzOi8vY2RuLmxvcmRpY29uLmNvbS9obHl3Z3hteS5qc29uIgogICAgdHJpZ2dlcj0ibG9vcCIKICAgIGRlbGF5PSIyMDAwIgogICAgY29sb3JzPSJwcmltYXJ5OiM0MTljMzksc2Vjb25kYXJ5OiMwOGE4OGEiCiAgICBzdHlsZT0id2lkdGg6NTBweDtoZWlnaHQ6NTBweCI+CjwvbG9yZC1pY29uPg==\"},\"nicename\":\"Code Block (#78)\",\"ct_depth\":0}'][\/ct_code_block][ct_code_block ct_sign_sha256='56430c886d3630b8cd9a11273e1d23df8563d076c4fc76a5a6a5673b01c065f8' ct_options='{\"ct_id\":79,\"ct_parent\":77,\"selector\":\"code_block-79-14\",\"original\":{\"code-php\":\"PGJ1dHRvbiBjbGFzcz0ic29jaWFsLXNoYXJlLWJ1dHRvbiI+PGEgaHJlZj0iaHR0cHM6Ly93d3cuZmFjZWJvb2suY29tL3NoYXJlci9zaGFyZXIucGhwP3U9JnQ9IiB0aXRsZT0iRGVsIHDDpSBGYWNlYm9vayIgdGFyZ2V0PSJfYmxhbmsiIG9uY2xpY2s9IndpbmRvdy5vcGVuKCdodHRwczovL3d3dy5mYWNlYm9vay5jb20vc2hhcmVyL3NoYXJlci5waHA\/dT0nICsgZW5jb2RlVVJJQ29tcG9uZW50KGRvY3VtZW50LlVSTCkgKyAnJnQ9JyArIGVuY29kZVVSSUNvbXBvbmVudChkb2N1bWVudC5VUkwpKTsgcmV0dXJuIGZhbHNlOyI+IERlbCBww6UgRmFjZWJvb2s8L2E+PC9idXR0b24+\",\"code-css\":\"LnNvY2lhbC1zaGFyZS1idXR0b24gYXsKICBjb2xvcjojNTI2ZDFkOwogIHRleHQtZGVjb3JhdGlvbjpub25lCn0KCiNmYi1zaGFyZSB7CgliYWNrZ3JvdW5kLWNvbG9yOiMyZDg4ZmY7Cn0KCiNmYi1zaGFyZSA6aG92ZXJ7CgliYWNrZ3JvdW5kLWNvbG9yOiM0Yzk5ZmY7Cn0=\",\"margin-right\":\"10\"},\"classes\":{},\"nicename\":\"Code Block (#79)\",\"ct_depth\":0}'][\/ct_code_block][ct_code_block ct_sign_sha256='b97330c285f8283553b45be2107cb3e1cab39745e17c76fe88b4bae769c56fcc' ct_options='{\"ct_id\":80,\"ct_parent\":77,\"selector\":\"code_block-80-14\",\"original\":{\"code-php\":\"PGJ1dHRvbiBjbGFzcz0ic29jaWFsLXNoYXJlLWJ1dHRvbiBzb2NpYWwtc2hhcmUtYnV0dG9uLXR3aXR0ZXIiPjxhIGhyZWY9Imh0dHBzOi8vdHdpdHRlci5jb20vaW50ZW50L3R3ZWV0P3NvdXJjZT0mYW1wO3RleHQ9OiUyMCIgdGFyZ2V0PSJfYmxhbmsiIHRpdGxlPSJEZWwgcMOlIFR3aXR0ZXIiIG9uY2xpY2s9IndpbmRvdy5vcGVuKCdodHRwczovL3R3aXR0ZXIuY29tL2ludGVudC90d2VldD90ZXh0PScgKyBlbmNvZGVVUklDb21wb25lbnQoZG9jdW1lbnQudGl0bGUpICsgJzolMjAnICArIGVuY29kZVVSSUNvbXBvbmVudChkb2N1bWVudC5VUkwpKTsgcmV0dXJuIGZhbHNlOyI+RGVsIHDDpSBUd2l0dGVyPC9hPjwvYnV0dG9uPg==\",\"code-css\":\"LnNvY2lhbC1zaGFyZS1idXR0b24gYXsKICBjb2xvcjojNTI2ZDFkOwogIHRleHQtZGVjb3JhdGlvbjpub25lCn0KCiNmYi1zaGFyZSB7CgliYWNrZ3JvdW5kLWNvbG9yOiMyZDg4ZmY7Cn0KCiNmYi1zaGFyZSA6aG92ZXJ7CgliYWNrZ3JvdW5kLWNvbG9yOiM0Yzk5ZmY7Cn0=\"},\"classes\":{},\"nicename\":\"Code Block (#80)\",\"ct_depth\":0}'][\/ct_code_block][\/ct_div_block_2][\/ct_section]","ct_template_type":"","ct_parent_template":0,"footnotes":""},"_links":{"self":[{"href":"https:\/\/www.moringaoleifera.no\/staging\/wp-json\/wp\/v2\/pages\/14"}],"collection":[{"href":"https:\/\/www.moringaoleifera.no\/staging\/wp-json\/wp\/v2\/pages"}],"about":[{"href":"https:\/\/www.moringaoleifera.no\/staging\/wp-json\/wp\/v2\/types\/page"}],"author":[{"embeddable":true,"href":"https:\/\/www.moringaoleifera.no\/staging\/wp-json\/wp\/v2\/users\/2"}],"replies":[{"embeddable":true,"href":"https:\/\/www.moringaoleifera.no\/staging\/wp-json\/wp\/v2\/comments?post=14"}],"version-history":[{"count":1,"href":"https:\/\/www.moringaoleifera.no\/staging\/wp-json\/wp\/v2\/pages\/14\/revisions"}],"predecessor-version":[{"id":15,"href":"https:\/\/www.moringaoleifera.no\/staging\/wp-json\/wp\/v2\/pages\/14\/revisions\/15"}],"wp:attachment":[{"href":"https:\/\/www.moringaoleifera.no\/staging\/wp-json\/wp\/v2\/media?parent=14"}],"curies":[{"name":"wp","href":"https:\/\/api.w.org\/{rel}","templated":true}]}}